{"id":294,"date":"2023-07-21T13:11:04","date_gmt":"2023-07-21T19:11:04","guid":{"rendered":"https:\/\/quimprof.com\/?page_id=294"},"modified":"2026-04-30T16:12:37","modified_gmt":"2026-04-30T22:12:37","slug":"contacto","status":"publish","type":"page","link":"https:\/\/esit.edu.mx\/quimprof\/contacto\/","title":{"rendered":"Contacto"},"content":{"rendered":"\t\t<div data-elementor-type=\"wp-page\" data-elementor-id=\"294\" class=\"elementor elementor-294\">\n\t\t\t\t\t\t<section class=\"elementor-section elementor-top-section elementor-element elementor-element-91b591e elementor-section-boxed elementor-section-height-default elementor-section-height-default\" data-id=\"91b591e\" data-element_type=\"section\" data-e-type=\"section\" data-settings=\"{&quot;background_background&quot;:&quot;classic&quot;}\">\n\t\t\t\t\t\t<div class=\"elementor-container elementor-column-gap-default\">\n\t\t\t\t\t<div class=\"elementor-column elementor-col-100 elementor-top-column elementor-element elementor-element-fb38c54\" data-id=\"fb38c54\" data-element_type=\"column\" data-e-type=\"column\">\n\t\t\t<div class=\"elementor-widget-wrap elementor-element-populated\">\n\t\t\t\t\t\t<div class=\"elementor-element elementor-element-e774222 elementor-widget elementor-widget-heading\" data-id=\"e774222\" data-element_type=\"widget\" data-e-type=\"widget\" data-widget_type=\"heading.default\">\n\t\t\t\t<div class=\"elementor-widget-container\">\n\t\t\t\t\t<h1 class=\"elementor-heading-title elementor-size-default\">Contacto<\/h1>\t\t\t\t<\/div>\n\t\t\t\t<\/div>\n\t\t\t\t<section class=\"elementor-section elementor-inner-section elementor-element elementor-element-6351181 elementor-section-boxed elementor-section-height-default elementor-section-height-default\" data-id=\"6351181\" data-element_type=\"section\" data-e-type=\"section\">\n\t\t\t\t\t\t<div class=\"elementor-container elementor-column-gap-default\">\n\t\t\t\t\t<div class=\"elementor-column elementor-col-50 elementor-inner-column elementor-element elementor-element-303f258\" data-id=\"303f258\" data-element_type=\"column\" data-e-type=\"column\">\n\t\t\t<div class=\"elementor-widget-wrap elementor-element-populated\">\n\t\t\t\t\t\t<div class=\"elementor-element elementor-element-e49c3cc elementor-view-default elementor-position-block-start elementor-mobile-position-block-start elementor-widget elementor-widget-icon-box\" data-id=\"e49c3cc\" data-element_type=\"widget\" data-e-type=\"widget\" data-widget_type=\"icon-box.default\">\n\t\t\t\t<div class=\"elementor-widget-container\">\n\t\t\t\t\t\t\t<div class=\"elementor-icon-box-wrapper\">\n\n\t\t\t\t\t\t<div class=\"elementor-icon-box-icon\">\n\t\t\t\t<a href=\"mailto:laboratorio@quimprof.com\" class=\"elementor-icon\" tabindex=\"-1\" aria-label=\"Laboratorio textil:\">\n\t\t\t\t<i aria-hidden=\"true\" class=\"fas fa-envelope\"><\/i>\t\t\t\t<\/a>\n\t\t\t<\/div>\n\t\t\t\n\t\t\t\t\t\t<div class=\"elementor-icon-box-content\">\n\n\t\t\t\t\t\t\t\t\t<h3 class=\"elementor-icon-box-title\">\n\t\t\t\t\t\t<a href=\"mailto:laboratorio@quimprof.com\" >\n\t\t\t\t\t\t\tLaboratorio textil:\t\t\t\t\t\t<\/a>\n\t\t\t\t\t<\/h3>\n\t\t\t\t\n\t\t\t\t\t\t\t\t\t<p class=\"elementor-icon-box-description\">\n\t\t\t\t\t\tlaboratorio@quimprof.com\n\t\t\t\t\t<\/p>\n\t\t\t\t\n\t\t\t<\/div>\n\t\t\t\n\t\t<\/div>\n\t\t\t\t\t\t<\/div>\n\t\t\t\t<\/div>\n\t\t\t\t\t<\/div>\n\t\t<\/div>\n\t\t\t\t<div class=\"elementor-column elementor-col-50 elementor-inner-column elementor-element elementor-element-6d03653\" data-id=\"6d03653\" data-element_type=\"column\" data-e-type=\"column\">\n\t\t\t<div class=\"elementor-widget-wrap elementor-element-populated\">\n\t\t\t\t\t\t<div class=\"elementor-element elementor-element-acdc95c elementor-view-default elementor-position-block-start elementor-mobile-position-block-start elementor-widget elementor-widget-icon-box\" data-id=\"acdc95c\" data-element_type=\"widget\" data-e-type=\"widget\" data-widget_type=\"icon-box.default\">\n\t\t\t\t<div class=\"elementor-widget-container\">\n\t\t\t\t\t\t\t<div class=\"elementor-icon-box-wrapper\">\n\n\t\t\t\t\t\t<div class=\"elementor-icon-box-icon\">\n\t\t\t\t<a href=\"mailto:tecnico@quimprof.com\" class=\"elementor-icon\" tabindex=\"-1\" aria-label=\"Servicios de desarrollo y asesor\u00eda:\">\n\t\t\t\t<i aria-hidden=\"true\" class=\"fas fa-envelope\"><\/i>\t\t\t\t<\/a>\n\t\t\t<\/div>\n\t\t\t\n\t\t\t\t\t\t<div class=\"elementor-icon-box-content\">\n\n\t\t\t\t\t\t\t\t\t<h3 class=\"elementor-icon-box-title\">\n\t\t\t\t\t\t<a href=\"mailto:tecnico@quimprof.com\" >\n\t\t\t\t\t\t\tServicios de desarrollo y asesor\u00eda:\t\t\t\t\t\t<\/a>\n\t\t\t\t\t<\/h3>\n\t\t\t\t\n\t\t\t\t\t\t\t\t\t<p class=\"elementor-icon-box-description\">\n\t\t\t\t\t\ttecnico@quimprof.com\n\t\t\t\t\t<\/p>\n\t\t\t\t\n\t\t\t<\/div>\n\t\t\t\n\t\t<\/div>\n\t\t\t\t\t\t<\/div>\n\t\t\t\t<\/div>\n\t\t\t\t\t<\/div>\n\t\t<\/div>\n\t\t\t\t\t<\/div>\n\t\t<\/section>\n\t\t\t\t<section class=\"elementor-section elementor-inner-section elementor-element elementor-element-462b800 elementor-section-boxed elementor-section-height-default elementor-section-height-default\" data-id=\"462b800\" data-element_type=\"section\" data-e-type=\"section\">\n\t\t\t\t\t\t<div class=\"elementor-container elementor-column-gap-default\">\n\t\t\t\t\t<div class=\"elementor-column elementor-col-50 elementor-inner-column elementor-element elementor-element-f75c39d\" data-id=\"f75c39d\" data-element_type=\"column\" data-e-type=\"column\">\n\t\t\t<div class=\"elementor-widget-wrap elementor-element-populated\">\n\t\t\t\t\t\t<div class=\"elementor-element elementor-element-06136f4 elementor-view-default elementor-position-block-start elementor-mobile-position-block-start elementor-widget elementor-widget-icon-box\" data-id=\"06136f4\" data-element_type=\"widget\" data-e-type=\"widget\" data-widget_type=\"icon-box.default\">\n\t\t\t\t<div class=\"elementor-widget-container\">\n\t\t\t\t\t\t\t<div class=\"elementor-icon-box-wrapper\">\n\n\t\t\t\t\t\t<div class=\"elementor-icon-box-icon\">\n\t\t\t\t<a href=\"tel:5524764594\" class=\"elementor-icon\" tabindex=\"-1\" aria-label=\"Tel\u00e9fono Laboratorio textil:\">\n\t\t\t\t<i aria-hidden=\"true\" class=\"fas fa-phone-volume\"><\/i>\t\t\t\t<\/a>\n\t\t\t<\/div>\n\t\t\t\n\t\t\t\t\t\t<div class=\"elementor-icon-box-content\">\n\n\t\t\t\t\t\t\t\t\t<h3 class=\"elementor-icon-box-title\">\n\t\t\t\t\t\t<a href=\"tel:5524764594\" >\n\t\t\t\t\t\t\tTel\u00e9fono Laboratorio textil:\t\t\t\t\t\t<\/a>\n\t\t\t\t\t<\/h3>\n\t\t\t\t\n\t\t\t\t\t\t\t\t\t<p class=\"elementor-icon-box-description\">\n\t\t\t\t\t\t55 24 76 45 94\t\t\t\t\t<\/p>\n\t\t\t\t\n\t\t\t<\/div>\n\t\t\t\n\t\t<\/div>\n\t\t\t\t\t\t<\/div>\n\t\t\t\t<\/div>\n\t\t\t\t\t<\/div>\n\t\t<\/div>\n\t\t\t\t<div class=\"elementor-column elementor-col-50 elementor-inner-column elementor-element elementor-element-c44a6ab\" data-id=\"c44a6ab\" data-element_type=\"column\" data-e-type=\"column\">\n\t\t\t<div class=\"elementor-widget-wrap elementor-element-populated\">\n\t\t\t\t\t\t<div class=\"elementor-element elementor-element-3537f0a elementor-view-default elementor-position-block-start elementor-mobile-position-block-start elementor-widget elementor-widget-icon-box\" data-id=\"3537f0a\" data-element_type=\"widget\" data-e-type=\"widget\" data-widget_type=\"icon-box.default\">\n\t\t\t\t<div class=\"elementor-widget-container\">\n\t\t\t\t\t\t\t<div class=\"elementor-icon-box-wrapper\">\n\n\t\t\t\t\t\t<div class=\"elementor-icon-box-icon\">\n\t\t\t\t<a href=\"tel:5551326418%20\" class=\"elementor-icon\" tabindex=\"-1\" aria-label=\"Tel\u00e9fono desarrollo y asesor\u00eda:\">\n\t\t\t\t<i aria-hidden=\"true\" class=\"fas fa-phone-volume\"><\/i>\t\t\t\t<\/a>\n\t\t\t<\/div>\n\t\t\t\n\t\t\t\t\t\t<div class=\"elementor-icon-box-content\">\n\n\t\t\t\t\t\t\t\t\t<h3 class=\"elementor-icon-box-title\">\n\t\t\t\t\t\t<a href=\"tel:5551326418%20\" >\n\t\t\t\t\t\t\tTel\u00e9fono desarrollo y asesor\u00eda:\t\t\t\t\t\t<\/a>\n\t\t\t\t\t<\/h3>\n\t\t\t\t\n\t\t\t\t\t\t\t\t\t<p class=\"elementor-icon-box-description\">\n\t\t\t\t\t\t55 51 32 64 18 \t\t\t\t\t<\/p>\n\t\t\t\t\n\t\t\t<\/div>\n\t\t\t\n\t\t<\/div>\n\t\t\t\t\t\t<\/div>\n\t\t\t\t<\/div>\n\t\t\t\t\t<\/div>\n\t\t<\/div>\n\t\t\t\t\t<\/div>\n\t\t<\/section>\n\t\t\t\t\t<\/div>\n\t\t<\/div>\n\t\t\t\t\t<\/div>\n\t\t<\/section>\n\t\t\t\t<\/div>\n\t\t","protected":false},"excerpt":{"rendered":"<p>Contacto Laboratorio textil: laboratorio@quimprof.com Servicios de desarrollo y asesor\u00eda: tecnico@quimprof.com Tel\u00e9fono Laboratorio textil: 55 24 76 45 94 Tel\u00e9fono desarrollo y asesor\u00eda: 55 51 32 64 18<\/p>\n","protected":false},"author":1,"featured_media":0,"parent":0,"menu_order":0,"comment_status":"closed","ping_status":"closed","template":"","meta":{"_joinchat":[],"footnotes":""},"class_list":["post-294","page","type-page","status-publish","hentry"],"yoast_head":"<!-- This site is optimized with the Yoast SEO plugin v27.5 - https:\/\/yoast.com\/product\/yoast-seo-wordpress\/ -->\n<title>Contacto - Servicios especializados QUIMPROF SA de CV<\/title>\n<meta name=\"robots\" content=\"index, follow, max-snippet:-1, max-image-preview:large, max-video-preview:-1\" \/>\n<link rel=\"canonical\" href=\"https:\/\/esit.edu.mx\/quimprof\/contacto\/\" \/>\n<meta property=\"og:locale\" content=\"es_ES\" \/>\n<meta property=\"og:type\" content=\"article\" \/>\n<meta property=\"og:title\" content=\"Contacto - Servicios especializados QUIMPROF SA de CV\" \/>\n<meta property=\"og:description\" content=\"Contacto Laboratorio textil: laboratorio@quimprof.com Servicios de desarrollo y asesor\u00eda: tecnico@quimprof.com Tel\u00e9fono Laboratorio textil: 55 24 76 45 94 Tel\u00e9fono desarrollo y asesor\u00eda: 55 51 32 64 18\" \/>\n<meta property=\"og:url\" content=\"https:\/\/esit.edu.mx\/quimprof\/contacto\/\" \/>\n<meta property=\"og:site_name\" content=\"Servicios especializados QUIMPROF SA de CV\" \/>\n<meta property=\"article:modified_time\" content=\"2026-04-30T22:12:37+00:00\" \/>\n<meta name=\"twitter:card\" content=\"summary_large_image\" \/>\n<meta name=\"twitter:label1\" content=\"Tiempo de lectura\" \/>\n\t<meta name=\"twitter:data1\" content=\"1 minuto\" \/>\n<script type=\"application\/ld+json\" class=\"yoast-schema-graph\">{\"@context\":\"https:\\\/\\\/schema.org\",\"@graph\":[{\"@type\":\"WebPage\",\"@id\":\"https:\\\/\\\/esit.edu.mx\\\/quimprof\\\/contacto\\\/\",\"url\":\"https:\\\/\\\/esit.edu.mx\\\/quimprof\\\/contacto\\\/\",\"name\":\"Contacto - Servicios especializados QUIMPROF SA de CV\",\"isPartOf\":{\"@id\":\"https:\\\/\\\/quimprof.com\\\/#website\"},\"datePublished\":\"2023-07-21T19:11:04+00:00\",\"dateModified\":\"2026-04-30T22:12:37+00:00\",\"breadcrumb\":{\"@id\":\"https:\\\/\\\/esit.edu.mx\\\/quimprof\\\/contacto\\\/#breadcrumb\"},\"inLanguage\":\"es\",\"potentialAction\":[{\"@type\":\"ReadAction\",\"target\":[\"https:\\\/\\\/esit.edu.mx\\\/quimprof\\\/contacto\\\/\"]}]},{\"@type\":\"BreadcrumbList\",\"@id\":\"https:\\\/\\\/esit.edu.mx\\\/quimprof\\\/contacto\\\/#breadcrumb\",\"itemListElement\":[{\"@type\":\"ListItem\",\"position\":1,\"name\":\"Portada\",\"item\":\"https:\\\/\\\/quimprof.com\\\/\"},{\"@type\":\"ListItem\",\"position\":2,\"name\":\"Contacto\"}]},{\"@type\":\"WebSite\",\"@id\":\"https:\\\/\\\/quimprof.com\\\/#website\",\"url\":\"https:\\\/\\\/quimprof.com\\\/\",\"name\":\"Servicios especializados QUIMPROF SA de CV\",\"description\":\"Just another WordPress site\",\"publisher\":{\"@id\":\"https:\\\/\\\/quimprof.com\\\/#organization\"},\"potentialAction\":[{\"@type\":\"SearchAction\",\"target\":{\"@type\":\"EntryPoint\",\"urlTemplate\":\"https:\\\/\\\/quimprof.com\\\/?s={search_term_string}\"},\"query-input\":{\"@type\":\"PropertyValueSpecification\",\"valueRequired\":true,\"valueName\":\"search_term_string\"}}],\"inLanguage\":\"es\"},{\"@type\":\"Organization\",\"@id\":\"https:\\\/\\\/quimprof.com\\\/#organization\",\"name\":\"Servicios especializados QUIMPROF SA de CV\",\"url\":\"https:\\\/\\\/quimprof.com\\\/\",\"logo\":{\"@type\":\"ImageObject\",\"inLanguage\":\"es\",\"@id\":\"https:\\\/\\\/quimprof.com\\\/#\\\/schema\\\/logo\\\/image\\\/\",\"url\":\"https:\\\/\\\/quimprof.com\\\/wp-content\\\/uploads\\\/2023\\\/07\\\/QUIMPRO-azul.webp\",\"contentUrl\":\"https:\\\/\\\/quimprof.com\\\/wp-content\\\/uploads\\\/2023\\\/07\\\/QUIMPRO-azul.webp\",\"width\":308,\"height\":59,\"caption\":\"Servicios especializados QUIMPROF SA de CV\"},\"image\":{\"@id\":\"https:\\\/\\\/quimprof.com\\\/#\\\/schema\\\/logo\\\/image\\\/\"}}]}<\/script>\n<!-- \/ Yoast SEO plugin. -->","yoast_head_json":{"title":"Contacto - Servicios especializados QUIMPROF SA de CV","robots":{"index":"index","follow":"follow","max-snippet":"max-snippet:-1","max-image-preview":"max-image-preview:large","max-video-preview":"max-video-preview:-1"},"canonical":"https:\/\/esit.edu.mx\/quimprof\/contacto\/","og_locale":"es_ES","og_type":"article","og_title":"Contacto - Servicios especializados QUIMPROF SA de CV","og_description":"Contacto Laboratorio textil: laboratorio@quimprof.com Servicios de desarrollo y asesor\u00eda: tecnico@quimprof.com Tel\u00e9fono Laboratorio textil: 55 24 76 45 94 Tel\u00e9fono desarrollo y asesor\u00eda: 55 51 32 64 18","og_url":"https:\/\/esit.edu.mx\/quimprof\/contacto\/","og_site_name":"Servicios especializados QUIMPROF SA de CV","article_modified_time":"2026-04-30T22:12:37+00:00","twitter_card":"summary_large_image","twitter_misc":{"Tiempo de lectura":"1 minuto"},"schema":{"@context":"https:\/\/schema.org","@graph":[{"@type":"WebPage","@id":"https:\/\/esit.edu.mx\/quimprof\/contacto\/","url":"https:\/\/esit.edu.mx\/quimprof\/contacto\/","name":"Contacto - Servicios especializados QUIMPROF SA de CV","isPartOf":{"@id":"https:\/\/quimprof.com\/#website"},"datePublished":"2023-07-21T19:11:04+00:00","dateModified":"2026-04-30T22:12:37+00:00","breadcrumb":{"@id":"https:\/\/esit.edu.mx\/quimprof\/contacto\/#breadcrumb"},"inLanguage":"es","potentialAction":[{"@type":"ReadAction","target":["https:\/\/esit.edu.mx\/quimprof\/contacto\/"]}]},{"@type":"BreadcrumbList","@id":"https:\/\/esit.edu.mx\/quimprof\/contacto\/#breadcrumb","itemListElement":[{"@type":"ListItem","position":1,"name":"Portada","item":"https:\/\/quimprof.com\/"},{"@type":"ListItem","position":2,"name":"Contacto"}]},{"@type":"WebSite","@id":"https:\/\/quimprof.com\/#website","url":"https:\/\/quimprof.com\/","name":"Servicios especializados QUIMPROF SA de CV","description":"Just another WordPress site","publisher":{"@id":"https:\/\/quimprof.com\/#organization"},"potentialAction":[{"@type":"SearchAction","target":{"@type":"EntryPoint","urlTemplate":"https:\/\/quimprof.com\/?s={search_term_string}"},"query-input":{"@type":"PropertyValueSpecification","valueRequired":true,"valueName":"search_term_string"}}],"inLanguage":"es"},{"@type":"Organization","@id":"https:\/\/quimprof.com\/#organization","name":"Servicios especializados QUIMPROF SA de CV","url":"https:\/\/quimprof.com\/","logo":{"@type":"ImageObject","inLanguage":"es","@id":"https:\/\/quimprof.com\/#\/schema\/logo\/image\/","url":"https:\/\/quimprof.com\/wp-content\/uploads\/2023\/07\/QUIMPRO-azul.webp","contentUrl":"https:\/\/quimprof.com\/wp-content\/uploads\/2023\/07\/QUIMPRO-azul.webp","width":308,"height":59,"caption":"Servicios especializados QUIMPROF SA de CV"},"image":{"@id":"https:\/\/quimprof.com\/#\/schema\/logo\/image\/"}}]}},"_links":{"self":[{"href":"https:\/\/esit.edu.mx\/quimprof\/wp-json\/wp\/v2\/pages\/294","targetHints":{"allow":["GET"]}}],"collection":[{"href":"https:\/\/esit.edu.mx\/quimprof\/wp-json\/wp\/v2\/pages"}],"about":[{"href":"https:\/\/esit.edu.mx\/quimprof\/wp-json\/wp\/v2\/types\/page"}],"author":[{"embeddable":true,"href":"https:\/\/esit.edu.mx\/quimprof\/wp-json\/wp\/v2\/users\/1"}],"replies":[{"embeddable":true,"href":"https:\/\/esit.edu.mx\/quimprof\/wp-json\/wp\/v2\/comments?post=294"}],"version-history":[{"count":10,"href":"https:\/\/esit.edu.mx\/quimprof\/wp-json\/wp\/v2\/pages\/294\/revisions"}],"predecessor-version":[{"id":458,"href":"https:\/\/esit.edu.mx\/quimprof\/wp-json\/wp\/v2\/pages\/294\/revisions\/458"}],"wp:attachment":[{"href":"https:\/\/esit.edu.mx\/quimprof\/wp-json\/wp\/v2\/media?parent=294"}],"curies":[{"name":"wp","href":"https:\/\/api.w.org\/{rel}","templated":true}]}}